{"id":349,"date":"2023-02-23T10:35:01","date_gmt":"2023-02-23T09:35:01","guid":{"rendered":"https:\/\/lamalditawines.com\/cart\/"},"modified":"2023-03-20T07:27:25","modified_gmt":"2023-03-20T07:27:25","slug":"cart","status":"publish","type":"page","link":"https:\/\/lamalditawines.com\/en\/cart\/","title":{"rendered":"Cart"},"content":{"rendered":"\n\n<form action=\"https:\/\/lamalditawines.com\/carrito\/\" method=\"post\">\n\t<table cellspacing=\"0\">\n\t\t<thead>\n\t\t\t<tr>\n\t\t\t\t<th>Eliminar art\u00edculo<\/th>\n\t\t\t\t<th>Imagen en miniatura<\/th>\n\t\t\t\t<th>Producto<\/th>\n\t\t\t\t<th>Precio<\/th>\n\t\t\t\t<th>Cantidad<\/th>\n\t\t\t\t<th>Subtotal<\/th>\n\t\t\t<\/tr>\n\t\t<\/thead>\n\t\t<tbody>\n\t\t\t\t\t\t\t\t<tr>\n\t\t\t\t\t\t<td>\n\t\t\t\t\t\t\t<a href=\"https:\/\/lamalditawines.com\/en\/cart\/?remove_item=666edba19dd0a3d0673e32ed6f75767d&#038;_wpnonce=0d8f5ab2ef\" aria-label=\"Borrar este art\u00edculo\" data-product_id=\"75\" data-product_sku=\"2B33114000\">&times;<\/a>\t\t\t\t\t\t<\/td>\n\t\t\t\t\t\t<td>\n\t\t\t\t\t\t<a href=\"https:\/\/lamalditawines.com\/en\/garnacha-tinta\/?attribute_pa_formato-de-compra=botella-75cl\"><img width=\"300\" height=\"300\" src=\"https:\/\/lamalditawines.com\/wp-content\/uploads\/2023\/03\/vinos-la_maldita-garnacha.tinta-LA_MALDITA-300x300.webp\" alt=\"\" decoding=\"async\" loading=\"lazy\" srcset=\"https:\/\/lamalditawines.com\/wp-content\/uploads\/2023\/03\/vinos-la_maldita-garnacha.tinta-LA_MALDITA-300x300.webp 300w, https:\/\/lamalditawines.com\/wp-content\/uploads\/2023\/03\/vinos-la_maldita-garnacha.tinta-LA_MALDITA-150x150.webp 150w, https:\/\/lamalditawines.com\/wp-content\/uploads\/2023\/03\/vinos-la_maldita-garnacha.tinta-LA_MALDITA-100x100.webp 100w\" sizes=\"auto, (max-width: 300px) 100vw, 300px\" \/><\/a>\t\t\t\t\t\t<\/td>\n\t\t\t\t\t\t<td data-title=\"Producto\">\n\t\t\t\t\t\t<a href=\"https:\/\/lamalditawines.com\/en\/garnacha-tinta\/?attribute_pa_formato-de-compra=botella-75cl\">Garnacha Tinta &#8211; Botella de 75cl.<\/a>\t\t\t\t\t\t<\/td>\n\t\t\t\t\t\t<td data-title=\"Precio\">\n\t\t\t\t\t\t\t<bdi>8.65&nbsp;&euro;<\/bdi>\t\t\t\t\t\t<\/td>\n\t\t\t\t\t\t<td data-title=\"Cantidad\">\n\t\t<label for=\"quantity_6413fb0fb9acd\">Garnacha Tinta &#8211; Botella de 75cl. cantidad<\/label>\n\t<input type=\"number\"\n\t\t\t\tid=\"quantity_6413fb0fb9acd\"\n\t\tclass=\"input-text qty text\"\n\t\tname=\"cart[666edba19dd0a3d0673e32ed6f75767d][qty]\"\n\t\tvalue=\"2\"\n\t\ttitle=\"Cantidad\"\n\t\tsize=\"4\"\n\t\tmin=\"0\"\n\t\tmax=\"\"\n\t\t\t\t\tstep=\"1\"\n\t\t\tplaceholder=\"\"\n\t\t\tinputmode=\"numeric\"\n\t\t\tautocomplete=\"off\"\n\t\t\t\/>\n\t\t\t\t\t\t<\/td>\n\t\t\t\t\t\t<td data-title=\"Subtotal\">\n\t\t\t\t\t\t\t<bdi>17.30&nbsp;&euro;<\/bdi>\t\t\t\t\t\t<\/td>\n\t\t\t\t\t<\/tr>\n\t\t\t\t\t\t\t\t\t\t<tr>\n\t\t\t\t\t\t<td>\n\t\t\t\t\t\t\t<a href=\"https:\/\/lamalditawines.com\/en\/cart\/?remove_item=e67a89144e31f3902a670155780ec186&#038;_wpnonce=0d8f5ab2ef\" aria-label=\"Borrar este art\u00edculo\" data-product_id=\"87\" data-product_sku=\"2B33134000\">&times;<\/a>\t\t\t\t\t\t<\/td>\n\t\t\t\t\t\t<td>\n\t\t\t\t\t\t<a href=\"https:\/\/lamalditawines.com\/en\/garnacha-blanca\/?attribute_pa_formato-de-compra=botella-75cl\"><img width=\"300\" height=\"300\" src=\"https:\/\/lamalditawines.com\/wp-content\/uploads\/2023\/03\/vinos-la_maldita-garnacha.blanca-LA_MALDITA-300x300.webp\" alt=\"\" decoding=\"async\" loading=\"lazy\" srcset=\"https:\/\/lamalditawines.com\/wp-content\/uploads\/2023\/03\/vinos-la_maldita-garnacha.blanca-LA_MALDITA-300x300.webp 300w, https:\/\/lamalditawines.com\/wp-content\/uploads\/2023\/03\/vinos-la_maldita-garnacha.blanca-LA_MALDITA-150x150.webp 150w, https:\/\/lamalditawines.com\/wp-content\/uploads\/2023\/03\/vinos-la_maldita-garnacha.blanca-LA_MALDITA-100x100.webp 100w\" sizes=\"auto, (max-width: 300px) 100vw, 300px\" \/><\/a>\t\t\t\t\t\t<\/td>\n\t\t\t\t\t\t<td data-title=\"Producto\">\n\t\t\t\t\t\t<a href=\"https:\/\/lamalditawines.com\/en\/garnacha-blanca\/?attribute_pa_formato-de-compra=botella-75cl\">Garnacha Blanca &#8211; Botella de 75cl.<\/a>\t\t\t\t\t\t<\/td>\n\t\t\t\t\t\t<td data-title=\"Precio\">\n\t\t\t\t\t\t\t<bdi>8.65&nbsp;&euro;<\/bdi>\t\t\t\t\t\t<\/td>\n\t\t\t\t\t\t<td data-title=\"Cantidad\">\n\t\t<label for=\"quantity_6413fb0fbbb18\">Garnacha Blanca &#8211; Botella de 75cl. cantidad<\/label>\n\t<input type=\"number\"\n\t\t\t\tid=\"quantity_6413fb0fbbb18\"\n\t\tclass=\"input-text qty text\"\n\t\tname=\"cart[e67a89144e31f3902a670155780ec186][qty]\"\n\t\tvalue=\"1\"\n\t\ttitle=\"Cantidad\"\n\t\tsize=\"4\"\n\t\tmin=\"0\"\n\t\tmax=\"\"\n\t\t\t\t\tstep=\"1\"\n\t\t\tplaceholder=\"\"\n\t\t\tinputmode=\"numeric\"\n\t\t\tautocomplete=\"off\"\n\t\t\t\/>\n\t\t\t\t\t\t<\/td>\n\t\t\t\t\t\t<td data-title=\"Subtotal\">\n\t\t\t\t\t\t\t<bdi>8.65&nbsp;&euro;<\/bdi>\t\t\t\t\t\t<\/td>\n\t\t\t\t\t<\/tr>\n\t\t\t<tr>\n\t\t\t\t<td colspan=\"6\">\n\t\t\t\t\t<button type=\"submit\" name=\"update_cart\" value=\"Actualizar carrito\">Actualizar carrito<\/button>\n\t\t\t\t\t<input type=\"hidden\" id=\"woocommerce-cart-nonce\" name=\"woocommerce-cart-nonce\" value=\"0d8f5ab2ef\" \/><input type=\"hidden\" name=\"_wp_http_referer\" value=\"\/?page_id=30&#038;fl_builder\" \/>\t\t\t\t<\/td>\n\t\t\t<\/tr>\n\t\t\t\t\t<\/tbody>\n\t<\/table>\n\t<\/form>\n\t<h2>Total del carrito<\/h2>\n\t<table cellspacing=\"0\">\n\t\t<tr>\n\t\t\t<th>Subtotal<\/th>\n\t\t\t<td data-title=\"Subtotal\"><bdi>25.95&nbsp;&euro;<\/bdi><\/td>\n\t\t<\/tr>\n\t\t\t<tr>\n\t<th>Env\u00edo<\/th>\n\t<td data-title=\"Env\u00edo\">\n\t\t\t\t\t<ul id=\"shipping_method\">\n\t\t\t\t\t\t\t\t\t<li>\n\t\t\t\t\t\t<input type=\"hidden\" name=\"shipping_method[0]\" data-index=\"0\" id=\"shipping_method_0_super_shipping2\" value=\"super_shipping2\" \/><label for=\"shipping_method_0_super_shipping2\">Env\u00edo Pen\u00ednsula 48-72h: <bdi>8.83&nbsp;&euro;<\/bdi><\/label>\t\t\t\t\t<\/li>\n\t\t\t\t\t\t\t<\/ul>\n\t\t\t\t\t\t\t\n\t\t\t\t\tEnviar a <strong>Calle de Prueba, 26007 logro\u00f1o, La Rioja<\/strong>. \t\t\t\t\n<form action=\"https:\/\/lamalditawines.com\/carrito\/\" method=\"post\">\n\t<a href=\"#\">Cambiar direcci\u00f3n<\/a>\n\t<section>\n\t\t\t\t\t\n\t\t\t\t<label for=\"calc_shipping_country\">Pa\u00eds o regi\u00f3n:<\/label>\n\t\t\t\t<select name=\"calc_shipping_country\" id=\"calc_shipping_country\" rel=\"calc_shipping_state\">\n\t\t\t\t\t<option value=\"default\">Selecciona un pa\u00eds\/regi\u00f3n&hellip;<\/option>\n\t\t\t\t\t<option value=\"ES\" selected='selected'>Espa\u00f1a<\/option>\t\t\t\t<\/select>\n\t\t\t\n\t\t\t\t\t\n\t\t\t\t\t\t<label for=\"calc_shipping_state\">Regi\u00f3n \/ Provincia<\/label>\n\t\t\t\t\t\t<select name=\"calc_shipping_state\" id=\"calc_shipping_state\" data-placeholder=\"Regi\u00f3n \/ Provincia\">\n\t\t\t\t\t\t\t<option value=\"\">Elige una opci\u00f3n&hellip;<\/option>\n\t\t\t\t\t\t\t<option value=\"C\">La Coru\u00f1a<\/option><option value=\"VI\">\u00c1lava<\/option><option value=\"AB\">Albacete<\/option><option value=\"A\">Alicante<\/option><option value=\"AL\">Almer\u00eda<\/option><option value=\"O\">Asturias<\/option><option value=\"AV\">\u00c1vila<\/option><option value=\"BA\">Badajoz<\/option><option value=\"PM\">Baleares<\/option><option value=\"B\">Barcelona<\/option><option value=\"BU\">Burgos<\/option><option value=\"CC\">C\u00e1ceres<\/option><option value=\"CA\">C\u00e1diz<\/option><option value=\"S\">Cantabria<\/option><option value=\"CS\">Castell\u00f3n<\/option><option value=\"CE\">Ceuta<\/option><option value=\"CR\">Ciudad Real<\/option><option value=\"CO\">C\u00f3rdoba<\/option><option value=\"CU\">Cuenca<\/option><option value=\"GI\">Gerona<\/option><option value=\"GR\">Granada<\/option><option value=\"GU\">Guadalajara<\/option><option value=\"SS\">Guip\u00fazcoa<\/option><option value=\"H\">Huelva<\/option><option value=\"HU\">Huesca<\/option><option value=\"J\">Ja\u00e9n<\/option><option value=\"LO\"  selected='selected'>La Rioja<\/option><option value=\"GC\">Las Palmas<\/option><option value=\"LE\">Le\u00f3n<\/option><option value=\"L\">L\u00e9rida<\/option><option value=\"LU\">Lugo<\/option><option value=\"M\">Madrid<\/option><option value=\"MA\">M\u00e1laga<\/option><option value=\"ML\">Melilla<\/option><option value=\"MU\">Murcia<\/option><option value=\"NA\">Navarra<\/option><option value=\"OR\">Orense<\/option><option value=\"P\">Palencia<\/option><option value=\"PO\">Pontevedra<\/option><option value=\"SA\">Salamanca<\/option><option value=\"TF\">Santa Cruz de Tenerife<\/option><option value=\"SG\">Segovia<\/option><option value=\"SE\">Sevilla<\/option><option value=\"SO\">Soria<\/option><option value=\"T\">Tarragona<\/option><option value=\"TE\">Teruel<\/option><option value=\"TO\">Toledo<\/option><option value=\"V\">Valencia<\/option><option value=\"VA\">Valladolid<\/option><option value=\"BI\">Vizcaya<\/option><option value=\"ZA\">Zamora<\/option><option value=\"Z\">Zaragoza<\/option>\t\t\t\t\t\t<\/select>\n\t\t\t\t\t\t\t\t\n\t\t\t\t\t\n\t\t\t\t<label for=\"calc_shipping_city\">Ciudad:<\/label>\n\t\t\t\t<input type=\"text\" value=\"logro\u00f1o\" placeholder=\"Ciudad\" name=\"calc_shipping_city\" id=\"calc_shipping_city\" \/>\n\t\t\t\n\t\t\t\t\t\n\t\t\t\t<label for=\"calc_shipping_postcode\">C\u00f3digo postal:<\/label>\n\t\t\t\t<input type=\"text\" value=\"26007\" placeholder=\"C\u00f3digo postal\" name=\"calc_shipping_postcode\" id=\"calc_shipping_postcode\" \/>\n\t\t\t\n\t\t<p><button type=\"submit\" name=\"calc_shipping\" value=\"1\">Actualizar<\/button><\/p>\n\t\t<input type=\"hidden\" id=\"woocommerce-shipping-calculator-nonce\" name=\"woocommerce-shipping-calculator-nonce\" value=\"db22d38d67\" \/><input type=\"hidden\" name=\"_wp_http_referer\" value=\"\/?page_id=30&#038;fl_builder\" \/>\t<\/section>\n<\/form>\n\t\t\t<\/td>\n<\/tr>\n\t\t<tr>\n\t\t\t<th>Total<\/th>\n\t\t\t<td data-title=\"Total\"><strong><bdi>34.78&nbsp;&euro;<\/bdi><\/strong> <small>(incluye 6.03&nbsp;&euro; IVA)<\/small><\/td>\n\t\t<\/tr>\n\t<\/table>\n<a href=\"https:\/\/lamalditawines.com\/en\/checkout\/\">\n\tFinalizar compra<\/a>\n\t<p>&#8220;Este comerciante se compromete a no permitir ninguna transacci\u00f3n que sea ilegal, o se considere por las marcas de tarjetas de cr\u00e9dito o el banco adquiriente, que pueda o tenga el potencial de da\u00f1ar la buena voluntad de los mismos o influir de manera negativa en ellos. Las siguientes actividades est\u00e1n prohibidas en virtud de los programas de las marcas de tarjetas: la venta u oferta de un producto o servicio que no sea de plena conformidad con todas las leyes aplicables al Comprador, Banco Emisor, Comerciante, Titular de la tarjeta, o tarjetas. Adem\u00e1s, las siguientes actividades tambi\u00e9n est\u00e1n prohibidas expl\u00edcitamente: &#8220;Venta de bebidas alcoh\u00f3licas a menores de 18 a\u00f1os&#8221;&#8221;.<\/p>\n\n","protected":false},"excerpt":{"rendered":"<p>Eliminar art\u00edculo Imagen en miniatura Producto Precio Cantidad Subtotal &times; Garnacha Tinta &#8211; Botella de 75cl. 8.65&nbsp;&euro; Garnacha Tinta &#8211; Botella de 75cl. cantidad 17.30&nbsp;&euro; &times; Garnacha Blanca &#8211; Botella de 75cl. 8.65&nbsp;&euro; Garnacha Blanca &#8211; Botella de 75cl. cantidad 8.65&nbsp;&euro; Actualizar carrito Total del carrito Subtotal 25.95&nbsp;&euro; Env\u00edo Env\u00edo Pen\u00ednsula 48-72h: 8.83&nbsp;&euro; Enviar a&hellip;<\/p>\n","protected":false},"author":1,"featured_media":0,"parent":0,"menu_order":0,"comment_status":"closed","ping_status":"closed","template":"","meta":{"footnotes":""},"class_list":["post-349","page","type-page","status-publish","hentry"],"yoast_head":"<!-- This site is optimized with the Yoast SEO plugin v25.8 - https:\/\/yoast.com\/wordpress\/plugins\/seo\/ -->\n<title>Cart - La Maldita Wines<\/title>\n<meta name=\"robots\" content=\"noindex, nofollow\" \/>\n<meta property=\"og:locale\" content=\"en_US\" \/>\n<meta property=\"og:type\" content=\"article\" \/>\n<meta property=\"og:title\" content=\"Cart - La Maldita Wines\" \/>\n<meta property=\"og:description\" content=\"Eliminar art\u00edculo Imagen en miniatura Producto Precio Cantidad Subtotal &times; Garnacha Tinta &#8211; Botella de 75cl. 8.65&nbsp;&euro; Garnacha Tinta &#8211; Botella de 75cl. cantidad 17.30&nbsp;&euro; &times; Garnacha Blanca &#8211; Botella de 75cl. 8.65&nbsp;&euro; Garnacha Blanca &#8211; Botella de 75cl. cantidad 8.65&nbsp;&euro; Actualizar carrito Total del carrito Subtotal 25.95&nbsp;&euro; Env\u00edo Env\u00edo Pen\u00ednsula 48-72h: 8.83&nbsp;&euro; Enviar a&hellip;\" \/>\n<meta property=\"og:url\" content=\"https:\/\/lamalditawines.com\/en\/cart\/\" \/>\n<meta property=\"og:site_name\" content=\"La Maldita Wines\" \/>\n<meta property=\"article:publisher\" content=\"https:\/\/www.facebook.com\/LaMalditaWines\/\" \/>\n<meta property=\"article:modified_time\" content=\"2023-03-20T07:27:25+00:00\" \/>\n<meta property=\"og:image\" content=\"https:\/\/lamalditawines.com\/wp-content\/uploads\/2023\/03\/vinos-la_maldita-garnacha.tinta-LA_MALDITA-300x300.webp\" \/>\n<meta name=\"twitter:card\" content=\"summary_large_image\" \/>\n<meta name=\"twitter:site\" content=\"@lamalditawines\" \/>\n<meta name=\"twitter:label1\" content=\"Est. reading time\" \/>\n\t<meta name=\"twitter:data1\" content=\"1 minute\" \/>\n<script type=\"application\/ld+json\" class=\"yoast-schema-graph\">{\"@context\":\"https:\/\/schema.org\",\"@graph\":[{\"@type\":\"WebPage\",\"@id\":\"https:\/\/lamalditawines.com\/en\/cart\/\",\"url\":\"https:\/\/lamalditawines.com\/en\/cart\/\",\"name\":\"Cart - La Maldita Wines\",\"isPartOf\":{\"@id\":\"https:\/\/lamalditawines.com\/en\/#website\"},\"primaryImageOfPage\":{\"@id\":\"https:\/\/lamalditawines.com\/en\/cart\/#primaryimage\"},\"image\":{\"@id\":\"https:\/\/lamalditawines.com\/en\/cart\/#primaryimage\"},\"thumbnailUrl\":\"https:\/\/lamalditawines.com\/wp-content\/uploads\/2023\/03\/vinos-la_maldita-garnacha.tinta-LA_MALDITA-300x300.webp\",\"datePublished\":\"2023-02-23T09:35:01+00:00\",\"dateModified\":\"2023-03-20T07:27:25+00:00\",\"breadcrumb\":{\"@id\":\"https:\/\/lamalditawines.com\/en\/cart\/#breadcrumb\"},\"inLanguage\":\"en-US\",\"potentialAction\":[{\"@type\":\"ReadAction\",\"target\":[\"https:\/\/lamalditawines.com\/en\/cart\/\"]}]},{\"@type\":\"ImageObject\",\"inLanguage\":\"en-US\",\"@id\":\"https:\/\/lamalditawines.com\/en\/cart\/#primaryimage\",\"url\":\"https:\/\/lamalditawines.com\/wp-content\/uploads\/2023\/03\/vinos-la_maldita-garnacha.tinta-LA_MALDITA-300x300.webp\",\"contentUrl\":\"https:\/\/lamalditawines.com\/wp-content\/uploads\/2023\/03\/vinos-la_maldita-garnacha.tinta-LA_MALDITA-300x300.webp\"},{\"@type\":\"BreadcrumbList\",\"@id\":\"https:\/\/lamalditawines.com\/en\/cart\/#breadcrumb\",\"itemListElement\":[{\"@type\":\"ListItem\",\"position\":1,\"name\":\"Portada\",\"item\":\"https:\/\/lamalditawines.com\/en\/\"},{\"@type\":\"ListItem\",\"position\":2,\"name\":\"Cart\"}]},{\"@type\":\"WebSite\",\"@id\":\"https:\/\/lamalditawines.com\/en\/#website\",\"url\":\"https:\/\/lamalditawines.com\/en\/\",\"name\":\"La Maldita Wines\",\"description\":\"VINOS SEXIS, DIVERTIDOS Y \u00daNICOS ELABORADOS CON GARNACHA DE RIOJA\",\"publisher\":{\"@id\":\"https:\/\/lamalditawines.com\/en\/#organization\"},\"alternateName\":\"La Maldita Wines\",\"potentialAction\":[{\"@type\":\"SearchAction\",\"target\":{\"@type\":\"EntryPoint\",\"urlTemplate\":\"https:\/\/lamalditawines.com\/en\/?s={search_term_string}\"},\"query-input\":{\"@type\":\"PropertyValueSpecification\",\"valueRequired\":true,\"valueName\":\"search_term_string\"}}],\"inLanguage\":\"en-US\"},{\"@type\":\"Organization\",\"@id\":\"https:\/\/lamalditawines.com\/en\/#organization\",\"name\":\"La Maldita Wines\",\"url\":\"https:\/\/lamalditawines.com\/en\/\",\"logo\":{\"@type\":\"ImageObject\",\"inLanguage\":\"en-US\",\"@id\":\"https:\/\/lamalditawines.com\/en\/#\/schema\/logo\/image\/\",\"url\":\"https:\/\/lamalditawines.com\/wp-content\/uploads\/2023\/03\/mail-logo-blk@1.LA_MALDITA.png\",\"contentUrl\":\"https:\/\/lamalditawines.com\/wp-content\/uploads\/2023\/03\/mail-logo-blk@1.LA_MALDITA.png\",\"width\":150,\"height\":180,\"caption\":\"La Maldita Wines\"},\"image\":{\"@id\":\"https:\/\/lamalditawines.com\/en\/#\/schema\/logo\/image\/\"},\"sameAs\":[\"https:\/\/www.facebook.com\/LaMalditaWines\/\",\"https:\/\/x.com\/lamalditawines\",\"https:\/\/www.instagram.com\/lamalditawines\/\",\"https:\/\/www.linkedin.com\/company\/la-maldita-wines\/\"]}]}<\/script>\n<!-- \/ Yoast SEO plugin. -->","yoast_head_json":{"title":"Cart - La Maldita Wines","robots":{"index":"noindex","follow":"nofollow"},"og_locale":"en_US","og_type":"article","og_title":"Cart - La Maldita Wines","og_description":"Eliminar art\u00edculo Imagen en miniatura Producto Precio Cantidad Subtotal &times; Garnacha Tinta &#8211; Botella de 75cl. 8.65&nbsp;&euro; Garnacha Tinta &#8211; Botella de 75cl. cantidad 17.30&nbsp;&euro; &times; Garnacha Blanca &#8211; Botella de 75cl. 8.65&nbsp;&euro; Garnacha Blanca &#8211; Botella de 75cl. cantidad 8.65&nbsp;&euro; Actualizar carrito Total del carrito Subtotal 25.95&nbsp;&euro; Env\u00edo Env\u00edo Pen\u00ednsula 48-72h: 8.83&nbsp;&euro; Enviar a&hellip;","og_url":"https:\/\/lamalditawines.com\/en\/cart\/","og_site_name":"La Maldita Wines","article_publisher":"https:\/\/www.facebook.com\/LaMalditaWines\/","article_modified_time":"2023-03-20T07:27:25+00:00","og_image":[{"url":"https:\/\/lamalditawines.com\/wp-content\/uploads\/2023\/03\/vinos-la_maldita-garnacha.tinta-LA_MALDITA-300x300.webp","type":"","width":"","height":""}],"twitter_card":"summary_large_image","twitter_site":"@lamalditawines","twitter_misc":{"Est. reading time":"1 minute"},"schema":{"@context":"https:\/\/schema.org","@graph":[{"@type":"WebPage","@id":"https:\/\/lamalditawines.com\/en\/cart\/","url":"https:\/\/lamalditawines.com\/en\/cart\/","name":"Cart - La Maldita Wines","isPartOf":{"@id":"https:\/\/lamalditawines.com\/en\/#website"},"primaryImageOfPage":{"@id":"https:\/\/lamalditawines.com\/en\/cart\/#primaryimage"},"image":{"@id":"https:\/\/lamalditawines.com\/en\/cart\/#primaryimage"},"thumbnailUrl":"https:\/\/lamalditawines.com\/wp-content\/uploads\/2023\/03\/vinos-la_maldita-garnacha.tinta-LA_MALDITA-300x300.webp","datePublished":"2023-02-23T09:35:01+00:00","dateModified":"2023-03-20T07:27:25+00:00","breadcrumb":{"@id":"https:\/\/lamalditawines.com\/en\/cart\/#breadcrumb"},"inLanguage":"en-US","potentialAction":[{"@type":"ReadAction","target":["https:\/\/lamalditawines.com\/en\/cart\/"]}]},{"@type":"ImageObject","inLanguage":"en-US","@id":"https:\/\/lamalditawines.com\/en\/cart\/#primaryimage","url":"https:\/\/lamalditawines.com\/wp-content\/uploads\/2023\/03\/vinos-la_maldita-garnacha.tinta-LA_MALDITA-300x300.webp","contentUrl":"https:\/\/lamalditawines.com\/wp-content\/uploads\/2023\/03\/vinos-la_maldita-garnacha.tinta-LA_MALDITA-300x300.webp"},{"@type":"BreadcrumbList","@id":"https:\/\/lamalditawines.com\/en\/cart\/#breadcrumb","itemListElement":[{"@type":"ListItem","position":1,"name":"Portada","item":"https:\/\/lamalditawines.com\/en\/"},{"@type":"ListItem","position":2,"name":"Cart"}]},{"@type":"WebSite","@id":"https:\/\/lamalditawines.com\/en\/#website","url":"https:\/\/lamalditawines.com\/en\/","name":"La Maldita Wines","description":"VINOS SEXIS, DIVERTIDOS Y \u00daNICOS ELABORADOS CON GARNACHA DE RIOJA","publisher":{"@id":"https:\/\/lamalditawines.com\/en\/#organization"},"alternateName":"La Maldita Wines","potentialAction":[{"@type":"SearchAction","target":{"@type":"EntryPoint","urlTemplate":"https:\/\/lamalditawines.com\/en\/?s={search_term_string}"},"query-input":{"@type":"PropertyValueSpecification","valueRequired":true,"valueName":"search_term_string"}}],"inLanguage":"en-US"},{"@type":"Organization","@id":"https:\/\/lamalditawines.com\/en\/#organization","name":"La Maldita Wines","url":"https:\/\/lamalditawines.com\/en\/","logo":{"@type":"ImageObject","inLanguage":"en-US","@id":"https:\/\/lamalditawines.com\/en\/#\/schema\/logo\/image\/","url":"https:\/\/lamalditawines.com\/wp-content\/uploads\/2023\/03\/mail-logo-blk@1.LA_MALDITA.png","contentUrl":"https:\/\/lamalditawines.com\/wp-content\/uploads\/2023\/03\/mail-logo-blk@1.LA_MALDITA.png","width":150,"height":180,"caption":"La Maldita Wines"},"image":{"@id":"https:\/\/lamalditawines.com\/en\/#\/schema\/logo\/image\/"},"sameAs":["https:\/\/www.facebook.com\/LaMalditaWines\/","https:\/\/x.com\/lamalditawines","https:\/\/www.instagram.com\/lamalditawines\/","https:\/\/www.linkedin.com\/company\/la-maldita-wines\/"]}]}},"_links":{"self":[{"href":"https:\/\/lamalditawines.com\/en\/wp-json\/wp\/v2\/pages\/349","targetHints":{"allow":["GET"]}}],"collection":[{"href":"https:\/\/lamalditawines.com\/en\/wp-json\/wp\/v2\/pages"}],"about":[{"href":"https:\/\/lamalditawines.com\/en\/wp-json\/wp\/v2\/types\/page"}],"author":[{"embeddable":true,"href":"https:\/\/lamalditawines.com\/en\/wp-json\/wp\/v2\/users\/1"}],"replies":[{"embeddable":true,"href":"https:\/\/lamalditawines.com\/en\/wp-json\/wp\/v2\/comments?post=349"}],"version-history":[{"count":2,"href":"https:\/\/lamalditawines.com\/en\/wp-json\/wp\/v2\/pages\/349\/revisions"}],"predecessor-version":[{"id":694,"href":"https:\/\/lamalditawines.com\/en\/wp-json\/wp\/v2\/pages\/349\/revisions\/694"}],"wp:attachment":[{"href":"https:\/\/lamalditawines.com\/en\/wp-json\/wp\/v2\/media?parent=349"}],"curies":[{"name":"wp","href":"https:\/\/api.w.org\/{rel}","templated":true}]}}