{"id":698,"date":"2023-03-15T15:32:32","date_gmt":"2023-03-15T14:32:32","guid":{"rendered":"https:\/\/lamalditawines.com\/garnacha-rosado\/"},"modified":"2023-05-11T10:34:35","modified_gmt":"2023-05-11T08:34:35","slug":"garnacha-rosado","status":"publish","type":"page","link":"https:\/\/lamalditawines.com\/en\/garnacha-rosado\/","title":{"rendered":"Garnacha Rosado"},"content":{"rendered":"\n\n\t\t\t\t<img loading=\"lazy\" decoding=\"async\" src=\"https:\/\/lamalditawines.com\/wp-content\/uploads\/maldita_rosado-copia.png\" alt=\"La Maldita Garnacha Rosado, rose wine from Rioja\" itemprop=\"image\" height=\"1282\" width=\"380\" title=\"maldita_rosado copia\" onerror=\"this.style.display='none'\"  \/>\n\t\t<h2>\n\t\t\tGlug Glug\n\t\t\t\t\t\t\t\t\t\t\tGarnacha Rosado\n\t\t<\/h2>\n\t\t\t<p>An exclusive ros\u00e9 from vineyards in Rioja Alta, in the towns of Briones and Badar\u00e1n. Garnacha ripens more slowly there, producing a subtle ros\u00e9 with aromas of red fruit, increased freshness and less colour concentration.Free-run methods produce this ros\u00e9 with a subtle colour and aromas of red fruit, kept on the lees in stainless steel for three months.Back to the same thing. But don&#8217;t go crazy looking for special traits. Just open, drink and enjoy&#8230; No added complications.<a href=\"https:\/\/lamalditawines.com\/wp-content\/uploads\/Ficha-de-Cata-La-Maldita-Garnacha-Rosado_ENG1.pdf\" target=\"_blank\" rel=\"noopener\">\u2193 TASTING NOTE<\/a><\/p>\t\t\n\t<a href=\"https:\/\/lamalditawines.com\/en\/shop\/la-maldita-garnacha-rosado\/\" target=\"_self\" role=\"button\" aria-label=\"Buy\" rel=\"noopener\">\n\t\t\t\t\t\tBuy\n\t\t\t\t\t<\/a>\n\t<a href=\"https:\/\/lamalditawines.com\/en\/garnacha-blanca\/\" target=\"_self\" role=\"button\" aria-label=\"Next\" rel=\"noopener\">\n\t\t\t\t\t\tNext\n\t\t\t<\/a>\n<h2>\n\t\t<a href=\"https:\/\/lamalditawines.com\/en\/garnacha-tinta\/\" title=\"GLU GLU WINES\" target=\"_self\" rel=\"noopener\">\n\t\tGLU GLU WINES\n\t\t<\/a>\n\t<\/h2>\n<h2>\n\t\t<a href=\"https:\/\/lamalditawines.com\/en\/revolution\/\" title=\"Revolution\" target=\"_self\" rel=\"noopener\">\n\t\tRevolution\n\t\t<\/a>\n\t<\/h2>\n<h2>\n\t\t<a href=\"https:\/\/lamalditawines.com\/en\/brut-rose\/\" title=\"SPARKLING\" target=\"_self\" rel=\"noopener\">\n\t\tSPARKLING\n\t\t<\/a>\n\t<\/h2>\n\n","protected":false},"excerpt":{"rendered":"<p>Glug Glug Garnacha Rosado An exclusive ros\u00e9 from vineyards in Rioja Alta, in the towns of Briones and Badar\u00e1n. Garnacha ripens more slowly there, producing a subtle ros\u00e9 with aromas of red fruit, increased freshness and less colour concentration.Free-run methods produce this ros\u00e9 with a subtle colour and aromas of red fruit, kept on the&hellip;<\/p>\n","protected":false},"author":1,"featured_media":0,"parent":0,"menu_order":0,"comment_status":"closed","ping_status":"closed","template":"","meta":{"footnotes":""},"class_list":["post-698","page","type-page","status-publish","hentry"],"yoast_head":"<!-- This site is optimized with the Yoast SEO plugin v25.8 - https:\/\/yoast.com\/wordpress\/plugins\/seo\/ -->\n<title>Garnacha Rosado - La Maldita Wines<\/title>\n<meta name=\"robots\" content=\"index, follow, max-snippet:-1, max-image-preview:large, max-video-preview:-1\" \/>\n<link rel=\"canonical\" href=\"https:\/\/lamalditawines.com\/en\/garnacha-rosado\/\" \/>\n<meta property=\"og:locale\" content=\"en_US\" \/>\n<meta property=\"og:type\" content=\"article\" \/>\n<meta property=\"og:title\" content=\"Garnacha Rosado - La Maldita Wines\" \/>\n<meta property=\"og:description\" content=\"Glug Glug Garnacha Rosado An exclusive ros\u00e9 from vineyards in Rioja Alta, in the towns of Briones and Badar\u00e1n. Garnacha ripens more slowly there, producing a subtle ros\u00e9 with aromas of red fruit, increased freshness and less colour concentration.Free-run methods produce this ros\u00e9 with a subtle colour and aromas of red fruit, kept on the&hellip;\" \/>\n<meta property=\"og:url\" content=\"https:\/\/lamalditawines.com\/en\/garnacha-rosado\/\" \/>\n<meta property=\"og:site_name\" content=\"La Maldita Wines\" \/>\n<meta property=\"article:publisher\" content=\"https:\/\/www.facebook.com\/LaMalditaWines\/\" \/>\n<meta property=\"article:modified_time\" content=\"2023-05-11T08:34:35+00:00\" \/>\n<meta property=\"og:image\" content=\"https:\/\/lamalditawines.com\/wp-content\/uploads\/2023\/03\/vinos-la_maldita-garnacha-LA_MALDITA-304x1024.webp\" \/>\n<meta name=\"twitter:card\" content=\"summary_large_image\" \/>\n<meta name=\"twitter:image\" content=\"https:\/\/lamalditawines.com\/wp-content\/uploads\/2023\/03\/vinos-la_maldita-garnacha-LA_MALDITA.webp\" \/>\n<meta name=\"twitter:site\" content=\"@lamalditawines\" \/>\n<script type=\"application\/ld+json\" class=\"yoast-schema-graph\">{\"@context\":\"https:\/\/schema.org\",\"@graph\":[{\"@type\":\"WebPage\",\"@id\":\"https:\/\/lamalditawines.com\/en\/garnacha-rosado\/\",\"url\":\"https:\/\/lamalditawines.com\/en\/garnacha-rosado\/\",\"name\":\"Garnacha Rosado - La Maldita Wines\",\"isPartOf\":{\"@id\":\"https:\/\/lamalditawines.com\/en\/#website\"},\"primaryImageOfPage\":{\"@id\":\"https:\/\/lamalditawines.com\/en\/garnacha-rosado\/#primaryimage\"},\"image\":{\"@id\":\"https:\/\/lamalditawines.com\/en\/garnacha-rosado\/#primaryimage\"},\"thumbnailUrl\":\"https:\/\/lamalditawines.com\/wp-content\/uploads\/maldita_rosado-copia.png\",\"datePublished\":\"2023-03-15T14:32:32+00:00\",\"dateModified\":\"2023-05-11T08:34:35+00:00\",\"breadcrumb\":{\"@id\":\"https:\/\/lamalditawines.com\/en\/garnacha-rosado\/#breadcrumb\"},\"inLanguage\":\"en-US\",\"potentialAction\":[{\"@type\":\"ReadAction\",\"target\":[\"https:\/\/lamalditawines.com\/en\/garnacha-rosado\/\"]}]},{\"@type\":\"ImageObject\",\"inLanguage\":\"en-US\",\"@id\":\"https:\/\/lamalditawines.com\/en\/garnacha-rosado\/#primaryimage\",\"url\":\"https:\/\/lamalditawines.com\/wp-content\/uploads\/maldita_rosado-copia.png\",\"contentUrl\":\"https:\/\/lamalditawines.com\/wp-content\/uploads\/maldita_rosado-copia.png\"},{\"@type\":\"BreadcrumbList\",\"@id\":\"https:\/\/lamalditawines.com\/en\/garnacha-rosado\/#breadcrumb\",\"itemListElement\":[{\"@type\":\"ListItem\",\"position\":1,\"name\":\"Portada\",\"item\":\"https:\/\/lamalditawines.com\/en\/\"},{\"@type\":\"ListItem\",\"position\":2,\"name\":\"Garnacha Rosado\"}]},{\"@type\":\"WebSite\",\"@id\":\"https:\/\/lamalditawines.com\/en\/#website\",\"url\":\"https:\/\/lamalditawines.com\/en\/\",\"name\":\"La Maldita Wines\",\"description\":\"VINOS SEXIS, DIVERTIDOS Y \u00daNICOS ELABORADOS CON GARNACHA DE RIOJA\",\"publisher\":{\"@id\":\"https:\/\/lamalditawines.com\/en\/#organization\"},\"alternateName\":\"La Maldita Wines\",\"potentialAction\":[{\"@type\":\"SearchAction\",\"target\":{\"@type\":\"EntryPoint\",\"urlTemplate\":\"https:\/\/lamalditawines.com\/en\/?s={search_term_string}\"},\"query-input\":{\"@type\":\"PropertyValueSpecification\",\"valueRequired\":true,\"valueName\":\"search_term_string\"}}],\"inLanguage\":\"en-US\"},{\"@type\":\"Organization\",\"@id\":\"https:\/\/lamalditawines.com\/en\/#organization\",\"name\":\"La Maldita Wines\",\"url\":\"https:\/\/lamalditawines.com\/en\/\",\"logo\":{\"@type\":\"ImageObject\",\"inLanguage\":\"en-US\",\"@id\":\"https:\/\/lamalditawines.com\/en\/#\/schema\/logo\/image\/\",\"url\":\"https:\/\/lamalditawines.com\/wp-content\/uploads\/2023\/03\/mail-logo-blk@1.LA_MALDITA.png\",\"contentUrl\":\"https:\/\/lamalditawines.com\/wp-content\/uploads\/2023\/03\/mail-logo-blk@1.LA_MALDITA.png\",\"width\":150,\"height\":180,\"caption\":\"La Maldita Wines\"},\"image\":{\"@id\":\"https:\/\/lamalditawines.com\/en\/#\/schema\/logo\/image\/\"},\"sameAs\":[\"https:\/\/www.facebook.com\/LaMalditaWines\/\",\"https:\/\/x.com\/lamalditawines\",\"https:\/\/www.instagram.com\/lamalditawines\/\",\"https:\/\/www.linkedin.com\/company\/la-maldita-wines\/\"]}]}<\/script>\n<!-- \/ Yoast SEO plugin. -->","yoast_head_json":{"title":"Garnacha Rosado - La Maldita Wines","robots":{"index":"index","follow":"follow","max-snippet":"max-snippet:-1","max-image-preview":"max-image-preview:large","max-video-preview":"max-video-preview:-1"},"canonical":"https:\/\/lamalditawines.com\/en\/garnacha-rosado\/","og_locale":"en_US","og_type":"article","og_title":"Garnacha Rosado - La Maldita Wines","og_description":"Glug Glug Garnacha Rosado An exclusive ros\u00e9 from vineyards in Rioja Alta, in the towns of Briones and Badar\u00e1n. Garnacha ripens more slowly there, producing a subtle ros\u00e9 with aromas of red fruit, increased freshness and less colour concentration.Free-run methods produce this ros\u00e9 with a subtle colour and aromas of red fruit, kept on the&hellip;","og_url":"https:\/\/lamalditawines.com\/en\/garnacha-rosado\/","og_site_name":"La Maldita Wines","article_publisher":"https:\/\/www.facebook.com\/LaMalditaWines\/","article_modified_time":"2023-05-11T08:34:35+00:00","og_image":[{"url":"https:\/\/lamalditawines.com\/wp-content\/uploads\/2023\/03\/vinos-la_maldita-garnacha-LA_MALDITA-304x1024.webp","type":"","width":"","height":""}],"twitter_card":"summary_large_image","twitter_image":"https:\/\/lamalditawines.com\/wp-content\/uploads\/2023\/03\/vinos-la_maldita-garnacha-LA_MALDITA.webp","twitter_site":"@lamalditawines","schema":{"@context":"https:\/\/schema.org","@graph":[{"@type":"WebPage","@id":"https:\/\/lamalditawines.com\/en\/garnacha-rosado\/","url":"https:\/\/lamalditawines.com\/en\/garnacha-rosado\/","name":"Garnacha Rosado - La Maldita Wines","isPartOf":{"@id":"https:\/\/lamalditawines.com\/en\/#website"},"primaryImageOfPage":{"@id":"https:\/\/lamalditawines.com\/en\/garnacha-rosado\/#primaryimage"},"image":{"@id":"https:\/\/lamalditawines.com\/en\/garnacha-rosado\/#primaryimage"},"thumbnailUrl":"https:\/\/lamalditawines.com\/wp-content\/uploads\/maldita_rosado-copia.png","datePublished":"2023-03-15T14:32:32+00:00","dateModified":"2023-05-11T08:34:35+00:00","breadcrumb":{"@id":"https:\/\/lamalditawines.com\/en\/garnacha-rosado\/#breadcrumb"},"inLanguage":"en-US","potentialAction":[{"@type":"ReadAction","target":["https:\/\/lamalditawines.com\/en\/garnacha-rosado\/"]}]},{"@type":"ImageObject","inLanguage":"en-US","@id":"https:\/\/lamalditawines.com\/en\/garnacha-rosado\/#primaryimage","url":"https:\/\/lamalditawines.com\/wp-content\/uploads\/maldita_rosado-copia.png","contentUrl":"https:\/\/lamalditawines.com\/wp-content\/uploads\/maldita_rosado-copia.png"},{"@type":"BreadcrumbList","@id":"https:\/\/lamalditawines.com\/en\/garnacha-rosado\/#breadcrumb","itemListElement":[{"@type":"ListItem","position":1,"name":"Portada","item":"https:\/\/lamalditawines.com\/en\/"},{"@type":"ListItem","position":2,"name":"Garnacha Rosado"}]},{"@type":"WebSite","@id":"https:\/\/lamalditawines.com\/en\/#website","url":"https:\/\/lamalditawines.com\/en\/","name":"La Maldita Wines","description":"VINOS SEXIS, DIVERTIDOS Y \u00daNICOS ELABORADOS CON GARNACHA DE RIOJA","publisher":{"@id":"https:\/\/lamalditawines.com\/en\/#organization"},"alternateName":"La Maldita Wines","potentialAction":[{"@type":"SearchAction","target":{"@type":"EntryPoint","urlTemplate":"https:\/\/lamalditawines.com\/en\/?s={search_term_string}"},"query-input":{"@type":"PropertyValueSpecification","valueRequired":true,"valueName":"search_term_string"}}],"inLanguage":"en-US"},{"@type":"Organization","@id":"https:\/\/lamalditawines.com\/en\/#organization","name":"La Maldita Wines","url":"https:\/\/lamalditawines.com\/en\/","logo":{"@type":"ImageObject","inLanguage":"en-US","@id":"https:\/\/lamalditawines.com\/en\/#\/schema\/logo\/image\/","url":"https:\/\/lamalditawines.com\/wp-content\/uploads\/2023\/03\/mail-logo-blk@1.LA_MALDITA.png","contentUrl":"https:\/\/lamalditawines.com\/wp-content\/uploads\/2023\/03\/mail-logo-blk@1.LA_MALDITA.png","width":150,"height":180,"caption":"La Maldita Wines"},"image":{"@id":"https:\/\/lamalditawines.com\/en\/#\/schema\/logo\/image\/"},"sameAs":["https:\/\/www.facebook.com\/LaMalditaWines\/","https:\/\/x.com\/lamalditawines","https:\/\/www.instagram.com\/lamalditawines\/","https:\/\/www.linkedin.com\/company\/la-maldita-wines\/"]}]}},"_links":{"self":[{"href":"https:\/\/lamalditawines.com\/en\/wp-json\/wp\/v2\/pages\/698","targetHints":{"allow":["GET"]}}],"collection":[{"href":"https:\/\/lamalditawines.com\/en\/wp-json\/wp\/v2\/pages"}],"about":[{"href":"https:\/\/lamalditawines.com\/en\/wp-json\/wp\/v2\/types\/page"}],"author":[{"embeddable":true,"href":"https:\/\/lamalditawines.com\/en\/wp-json\/wp\/v2\/users\/1"}],"replies":[{"embeddable":true,"href":"https:\/\/lamalditawines.com\/en\/wp-json\/wp\/v2\/comments?post=698"}],"version-history":[{"count":10,"href":"https:\/\/lamalditawines.com\/en\/wp-json\/wp\/v2\/pages\/698\/revisions"}],"predecessor-version":[{"id":1255,"href":"https:\/\/lamalditawines.com\/en\/wp-json\/wp\/v2\/pages\/698\/revisions\/1255"}],"wp:attachment":[{"href":"https:\/\/lamalditawines.com\/en\/wp-json\/wp\/v2\/media?parent=698"}],"curies":[{"name":"wp","href":"https:\/\/api.w.org\/{rel}","templated":true}]}}