{"id":1633,"date":"2024-04-17T09:41:18","date_gmt":"2024-04-17T07:41:18","guid":{"rendered":"https:\/\/lamalditawines.com\/?post_type=product&#038;p=1633"},"modified":"2024-10-14T14:01:07","modified_gmt":"2024-10-14T12:01:07","slug":"garnacha-rosado-case","status":"publish","type":"product","link":"https:\/\/lamalditawines.com\/en\/shop\/garnacha-rosado-case\/","title":{"rendered":"Garnacha Ros\u00e9 Case of 3"},"content":{"rendered":"<p>An exclusive ros\u00e9 from vineyards in Rioja Alta, in the towns of Briones and Badar\u00e1n. Garnacha ripens more slowly there, producing a subtle ros\u00e9 with aromas of red fruit, increased freshness and less colour concentration.<\/p>\n<p>Free-run methods produce this ros\u00e9 with a subtle colour and aromas of red fruit, kept on the lees in stainless steel for three months.<\/p>\n<p>Back to the same thing. But don&#8217;t go crazy looking for special traits. Just open, drink and enjoy\u2026 No added complications.<\/p>\n<p><em>*13.5% Vol. Contains sulphites.<\/em><\/p>\n<p><a href=\"https:\/\/lamalditawines.com\/wp-content\/uploads\/la-maldita-technical-sheet-garnacha-garnacha-rose.pdf\" target=\"_blank\" rel=\"noopener\">\u2193 TASTING NOTE<\/a><\/p>\n","protected":false},"excerpt":{"rendered":"<p>An exclusive ros\u00e9 from vineyards in Rioja Alta, in the towns of Briones and Badar\u00e1n. Garnacha ripens more slowly there, producing a subtle ros\u00e9 with aromas of red fruit, increased freshness and less colour concentration. Free-run methods produce this ros\u00e9 with a subtle colour and aromas of red fruit, kept on the lees in stainless&hellip;<\/p>\n","protected":false},"featured_media":1449,"comment_status":"open","ping_status":"closed","template":"","meta":[],"product_brand":[],"product_cat":[42],"product_tag":[45],"class_list":{"0":"post-1633","1":"product","2":"type-product","3":"status-publish","4":"has-post-thumbnail","6":"product_cat-packs-en","7":"product_tag-lamaldita-en","9":"first","10":"instock","11":"taxable","12":"shipping-taxable","13":"purchasable","14":"product-type-simple"},"yoast_head":"<!-- This site is optimized with the Yoast SEO plugin v25.8 - https:\/\/yoast.com\/wordpress\/plugins\/seo\/ -->\n<title>Garnacha Ros\u00e9 Case of 3 - La Maldita Wines<\/title>\n<meta name=\"robots\" content=\"index, follow, max-snippet:-1, max-image-preview:large, max-video-preview:-1\" \/>\n<link rel=\"canonical\" href=\"https:\/\/lamalditawines.com\/en\/shop\/garnacha-rosado-case\/\" \/>\n<meta property=\"og:locale\" content=\"en_US\" \/>\n<meta property=\"og:type\" content=\"article\" \/>\n<meta property=\"og:title\" content=\"Garnacha Ros\u00e9 Case of 3 - La Maldita Wines\" \/>\n<meta property=\"og:description\" content=\"An exclusive ros\u00e9 from vineyards in Rioja Alta, in the towns of Briones and Badar\u00e1n. Garnacha ripens more slowly there, producing a subtle ros\u00e9 with aromas of red fruit, increased freshness and less colour concentration. Free-run methods produce this ros\u00e9 with a subtle colour and aromas of red fruit, kept on the lees in stainless&hellip;\" \/>\n<meta property=\"og:url\" content=\"https:\/\/lamalditawines.com\/en\/shop\/garnacha-rosado-case\/\" \/>\n<meta property=\"og:site_name\" content=\"La Maldita Wines\" \/>\n<meta property=\"article:publisher\" content=\"https:\/\/www.facebook.com\/LaMalditaWines\/\" \/>\n<meta property=\"article:modified_time\" content=\"2024-10-14T12:01:07+00:00\" \/>\n<meta property=\"og:image\" content=\"https:\/\/lamalditawines.com\/wp-content\/uploads\/2023\/03\/vinos-la_maldita-garnacha-LA_MALDITA-304x1024.webp\" \/>\n<meta name=\"twitter:card\" content=\"summary_large_image\" \/>\n<meta name=\"twitter:image\" content=\"https:\/\/lamalditawines.com\/wp-content\/uploads\/2023\/03\/vinos-la_maldita-garnacha-LA_MALDITA.webp\" \/>\n<meta name=\"twitter:site\" content=\"@lamalditawines\" \/>\n<meta name=\"twitter:label1\" content=\"Est. reading time\" \/>\n\t<meta name=\"twitter:data1\" content=\"1 minute\" \/>\n<script type=\"application\/ld+json\" class=\"yoast-schema-graph\">{\"@context\":\"https:\/\/schema.org\",\"@graph\":[{\"@type\":\"WebPage\",\"@id\":\"https:\/\/lamalditawines.com\/en\/shop\/garnacha-rosado-case\/\",\"url\":\"https:\/\/lamalditawines.com\/en\/shop\/garnacha-rosado-case\/\",\"name\":\"Garnacha Ros\u00e9 Case of 3 - La Maldita Wines\",\"isPartOf\":{\"@id\":\"https:\/\/lamalditawines.com\/en\/#website\"},\"primaryImageOfPage\":{\"@id\":\"https:\/\/lamalditawines.com\/en\/shop\/garnacha-rosado-case\/#primaryimage\"},\"image\":{\"@id\":\"https:\/\/lamalditawines.com\/en\/shop\/garnacha-rosado-case\/#primaryimage\"},\"thumbnailUrl\":\"https:\/\/lamalditawines.com\/wp-content\/uploads\/vinos_tienda-pack_de_3-la_maldita-garnacha.rosado-mod-LA_MALDITA_WINES.webp\",\"datePublished\":\"2024-04-17T07:41:18+00:00\",\"dateModified\":\"2024-10-14T12:01:07+00:00\",\"breadcrumb\":{\"@id\":\"https:\/\/lamalditawines.com\/en\/shop\/garnacha-rosado-case\/#breadcrumb\"},\"inLanguage\":\"en-US\",\"potentialAction\":[{\"@type\":\"ReadAction\",\"target\":[\"https:\/\/lamalditawines.com\/en\/shop\/garnacha-rosado-case\/\"]}]},{\"@type\":\"ImageObject\",\"inLanguage\":\"en-US\",\"@id\":\"https:\/\/lamalditawines.com\/en\/shop\/garnacha-rosado-case\/#primaryimage\",\"url\":\"https:\/\/lamalditawines.com\/wp-content\/uploads\/vinos_tienda-pack_de_3-la_maldita-garnacha.rosado-mod-LA_MALDITA_WINES.webp\",\"contentUrl\":\"https:\/\/lamalditawines.com\/wp-content\/uploads\/vinos_tienda-pack_de_3-la_maldita-garnacha.rosado-mod-LA_MALDITA_WINES.webp\",\"width\":1060,\"height\":1344},{\"@type\":\"BreadcrumbList\",\"@id\":\"https:\/\/lamalditawines.com\/en\/shop\/garnacha-rosado-case\/#breadcrumb\",\"itemListElement\":[{\"@type\":\"ListItem\",\"position\":1,\"name\":\"Portada\",\"item\":\"https:\/\/lamalditawines.com\/en\/\"},{\"@type\":\"ListItem\",\"position\":2,\"name\":\"Shop\",\"item\":\"https:\/\/lamalditawines.com\/en\/shop\/\"},{\"@type\":\"ListItem\",\"position\":3,\"name\":\"Garnacha Ros\u00e9 Case of 3\"}]},{\"@type\":\"WebSite\",\"@id\":\"https:\/\/lamalditawines.com\/en\/#website\",\"url\":\"https:\/\/lamalditawines.com\/en\/\",\"name\":\"La Maldita Wines\",\"description\":\"VINOS SEXIS, DIVERTIDOS Y \u00daNICOS ELABORADOS CON GARNACHA DE RIOJA\",\"publisher\":{\"@id\":\"https:\/\/lamalditawines.com\/en\/#organization\"},\"alternateName\":\"La Maldita Wines\",\"potentialAction\":[{\"@type\":\"SearchAction\",\"target\":{\"@type\":\"EntryPoint\",\"urlTemplate\":\"https:\/\/lamalditawines.com\/en\/?s={search_term_string}\"},\"query-input\":{\"@type\":\"PropertyValueSpecification\",\"valueRequired\":true,\"valueName\":\"search_term_string\"}}],\"inLanguage\":\"en-US\"},{\"@type\":\"Organization\",\"@id\":\"https:\/\/lamalditawines.com\/en\/#organization\",\"name\":\"La Maldita Wines\",\"url\":\"https:\/\/lamalditawines.com\/en\/\",\"logo\":{\"@type\":\"ImageObject\",\"inLanguage\":\"en-US\",\"@id\":\"https:\/\/lamalditawines.com\/en\/#\/schema\/logo\/image\/\",\"url\":\"https:\/\/lamalditawines.com\/wp-content\/uploads\/2023\/03\/mail-logo-blk@1.LA_MALDITA.png\",\"contentUrl\":\"https:\/\/lamalditawines.com\/wp-content\/uploads\/2023\/03\/mail-logo-blk@1.LA_MALDITA.png\",\"width\":150,\"height\":180,\"caption\":\"La Maldita Wines\"},\"image\":{\"@id\":\"https:\/\/lamalditawines.com\/en\/#\/schema\/logo\/image\/\"},\"sameAs\":[\"https:\/\/www.facebook.com\/LaMalditaWines\/\",\"https:\/\/x.com\/lamalditawines\",\"https:\/\/www.instagram.com\/lamalditawines\/\",\"https:\/\/www.linkedin.com\/company\/la-maldita-wines\/\"]}]}<\/script>\n<!-- \/ Yoast SEO plugin. -->","yoast_head_json":{"title":"Garnacha Ros\u00e9 Case of 3 - La Maldita Wines","robots":{"index":"index","follow":"follow","max-snippet":"max-snippet:-1","max-image-preview":"max-image-preview:large","max-video-preview":"max-video-preview:-1"},"canonical":"https:\/\/lamalditawines.com\/en\/shop\/garnacha-rosado-case\/","og_locale":"en_US","og_type":"article","og_title":"Garnacha Ros\u00e9 Case of 3 - La Maldita Wines","og_description":"An exclusive ros\u00e9 from vineyards in Rioja Alta, in the towns of Briones and Badar\u00e1n. Garnacha ripens more slowly there, producing a subtle ros\u00e9 with aromas of red fruit, increased freshness and less colour concentration. Free-run methods produce this ros\u00e9 with a subtle colour and aromas of red fruit, kept on the lees in stainless&hellip;","og_url":"https:\/\/lamalditawines.com\/en\/shop\/garnacha-rosado-case\/","og_site_name":"La Maldita Wines","article_publisher":"https:\/\/www.facebook.com\/LaMalditaWines\/","article_modified_time":"2024-10-14T12:01:07+00:00","og_image":[{"url":"https:\/\/lamalditawines.com\/wp-content\/uploads\/2023\/03\/vinos-la_maldita-garnacha-LA_MALDITA-304x1024.webp","type":"","width":"","height":""}],"twitter_card":"summary_large_image","twitter_image":"https:\/\/lamalditawines.com\/wp-content\/uploads\/2023\/03\/vinos-la_maldita-garnacha-LA_MALDITA.webp","twitter_site":"@lamalditawines","twitter_misc":{"Est. reading time":"1 minute"},"schema":{"@context":"https:\/\/schema.org","@graph":[{"@type":"WebPage","@id":"https:\/\/lamalditawines.com\/en\/shop\/garnacha-rosado-case\/","url":"https:\/\/lamalditawines.com\/en\/shop\/garnacha-rosado-case\/","name":"Garnacha Ros\u00e9 Case of 3 - La Maldita Wines","isPartOf":{"@id":"https:\/\/lamalditawines.com\/en\/#website"},"primaryImageOfPage":{"@id":"https:\/\/lamalditawines.com\/en\/shop\/garnacha-rosado-case\/#primaryimage"},"image":{"@id":"https:\/\/lamalditawines.com\/en\/shop\/garnacha-rosado-case\/#primaryimage"},"thumbnailUrl":"https:\/\/lamalditawines.com\/wp-content\/uploads\/vinos_tienda-pack_de_3-la_maldita-garnacha.rosado-mod-LA_MALDITA_WINES.webp","datePublished":"2024-04-17T07:41:18+00:00","dateModified":"2024-10-14T12:01:07+00:00","breadcrumb":{"@id":"https:\/\/lamalditawines.com\/en\/shop\/garnacha-rosado-case\/#breadcrumb"},"inLanguage":"en-US","potentialAction":[{"@type":"ReadAction","target":["https:\/\/lamalditawines.com\/en\/shop\/garnacha-rosado-case\/"]}]},{"@type":"ImageObject","inLanguage":"en-US","@id":"https:\/\/lamalditawines.com\/en\/shop\/garnacha-rosado-case\/#primaryimage","url":"https:\/\/lamalditawines.com\/wp-content\/uploads\/vinos_tienda-pack_de_3-la_maldita-garnacha.rosado-mod-LA_MALDITA_WINES.webp","contentUrl":"https:\/\/lamalditawines.com\/wp-content\/uploads\/vinos_tienda-pack_de_3-la_maldita-garnacha.rosado-mod-LA_MALDITA_WINES.webp","width":1060,"height":1344},{"@type":"BreadcrumbList","@id":"https:\/\/lamalditawines.com\/en\/shop\/garnacha-rosado-case\/#breadcrumb","itemListElement":[{"@type":"ListItem","position":1,"name":"Portada","item":"https:\/\/lamalditawines.com\/en\/"},{"@type":"ListItem","position":2,"name":"Shop","item":"https:\/\/lamalditawines.com\/en\/shop\/"},{"@type":"ListItem","position":3,"name":"Garnacha Ros\u00e9 Case of 3"}]},{"@type":"WebSite","@id":"https:\/\/lamalditawines.com\/en\/#website","url":"https:\/\/lamalditawines.com\/en\/","name":"La Maldita Wines","description":"VINOS SEXIS, DIVERTIDOS Y \u00daNICOS ELABORADOS CON GARNACHA DE RIOJA","publisher":{"@id":"https:\/\/lamalditawines.com\/en\/#organization"},"alternateName":"La Maldita Wines","potentialAction":[{"@type":"SearchAction","target":{"@type":"EntryPoint","urlTemplate":"https:\/\/lamalditawines.com\/en\/?s={search_term_string}"},"query-input":{"@type":"PropertyValueSpecification","valueRequired":true,"valueName":"search_term_string"}}],"inLanguage":"en-US"},{"@type":"Organization","@id":"https:\/\/lamalditawines.com\/en\/#organization","name":"La Maldita Wines","url":"https:\/\/lamalditawines.com\/en\/","logo":{"@type":"ImageObject","inLanguage":"en-US","@id":"https:\/\/lamalditawines.com\/en\/#\/schema\/logo\/image\/","url":"https:\/\/lamalditawines.com\/wp-content\/uploads\/2023\/03\/mail-logo-blk@1.LA_MALDITA.png","contentUrl":"https:\/\/lamalditawines.com\/wp-content\/uploads\/2023\/03\/mail-logo-blk@1.LA_MALDITA.png","width":150,"height":180,"caption":"La Maldita Wines"},"image":{"@id":"https:\/\/lamalditawines.com\/en\/#\/schema\/logo\/image\/"},"sameAs":["https:\/\/www.facebook.com\/LaMalditaWines\/","https:\/\/x.com\/lamalditawines","https:\/\/www.instagram.com\/lamalditawines\/","https:\/\/www.linkedin.com\/company\/la-maldita-wines\/"]}]}},"_links":{"self":[{"href":"https:\/\/lamalditawines.com\/en\/wp-json\/wp\/v2\/product\/1633","targetHints":{"allow":["GET"]}}],"collection":[{"href":"https:\/\/lamalditawines.com\/en\/wp-json\/wp\/v2\/product"}],"about":[{"href":"https:\/\/lamalditawines.com\/en\/wp-json\/wp\/v2\/types\/product"}],"replies":[{"embeddable":true,"href":"https:\/\/lamalditawines.com\/en\/wp-json\/wp\/v2\/comments?post=1633"}],"wp:featuredmedia":[{"embeddable":true,"href":"https:\/\/lamalditawines.com\/en\/wp-json\/wp\/v2\/media\/1449"}],"wp:attachment":[{"href":"https:\/\/lamalditawines.com\/en\/wp-json\/wp\/v2\/media?parent=1633"}],"wp:term":[{"taxonomy":"product_brand","embeddable":true,"href":"https:\/\/lamalditawines.com\/en\/wp-json\/wp\/v2\/product_brand?post=1633"},{"taxonomy":"product_cat","embeddable":true,"href":"https:\/\/lamalditawines.com\/en\/wp-json\/wp\/v2\/product_cat?post=1633"},{"taxonomy":"product_tag","embeddable":true,"href":"https:\/\/lamalditawines.com\/en\/wp-json\/wp\/v2\/product_tag?post=1633"}],"curies":[{"name":"wp","href":"https:\/\/api.w.org\/{rel}","templated":true}]}}