{"id":1648,"date":"2024-04-17T11:40:01","date_gmt":"2024-04-17T09:40:01","guid":{"rendered":"https:\/\/lamalditawines.com\/?post_type=product&#038;p=1648"},"modified":"2025-12-09T09:30:33","modified_gmt":"2025-12-09T08:30:33","slug":"estuche-de-3-bot-la-maldita-revolution","status":"publish","type":"product","link":"https:\/\/lamalditawines.com\/en\/tienda\/estuche-de-3-bot-la-maldita-revolution\/","title":{"rendered":"Estuche de 3 bot. La Maldita Revolution"},"content":{"rendered":"<p>Estuche de 3 botellas de nuestro vino La Maldita Revolution.<\/p>\n<p>Un vino de municipio, Tudelilla, de una parcela \u00fanica, Panizares. Cultivado en ecol\u00f3gico a m\u00e1s de 700 metros de altitud y de producci\u00f3n limitada, que ha permanecido 12 meses en barricas usadas de 500 litros de roble franc\u00e9s. Vino de textura fina, floral y muy fresco.<\/p>\n<p>Pero lo que nos mola sobre todo es la historia que hay detr\u00e1s de \u00e9l y la imagen de su etiqueta tipo poster para colgarla en tu habitaci\u00f3n. Esto es ya de nota, una vuelta de tuerca, vamos. Quid Pro Quo, Clarice\u2026 En 2019, y despu\u00e9s de d\u00e9cadas de continuos arranques y p\u00e9rdidas de hect\u00e1reas, la Garnacha se estabiliz\u00f3, comenzando una ligera recuperaci\u00f3n del terreno perdido gracias al esfuerzo realizado por todos los que amamos esta variedad tan delicada y magn\u00e9tica. La Maldita Revolution es nuestro homenaje a esta Revoluci\u00f3n. Pues eso, que somos garnachistas y queremos que se nos note.<\/p>\n<p><em>*Grado alcoh\u00f3lico 14.5%. Contiene sulfitos.<\/em><\/p>\n<p><a href=\"https:\/\/lamalditawines.com\/wp-content\/uploads\/Ficha-de-Cata-La-Maldita-Revolution_ESP.pdf\" target=\"_blank\" rel=\"noopener\">\u2193 FICHA T\u00c9CNICA<\/a><\/p>\n","protected":false},"excerpt":{"rendered":"<p>Estuche de 3 botellas de nuestro vino La Maldita Revolution. Un vino de municipio, Tudelilla, de una parcela \u00fanica, Panizares. Cultivado en ecol\u00f3gico a m\u00e1s de 700 metros de altitud y de producci\u00f3n limitada, que ha permanecido 12 meses en barricas usadas de 500 litros de roble franc\u00e9s. Vino de textura fina, floral y muy&hellip;<\/p>\n","protected":false},"featured_media":1450,"comment_status":"open","ping_status":"closed","template":"","meta":[],"product_brand":[],"product_cat":[17],"product_tag":[25],"class_list":{"0":"post-1648","1":"product","2":"type-product","3":"status-publish","4":"has-post-thumbnail","6":"product_cat-packs","7":"product_tag-la-maldita","9":"first","10":"instock","11":"taxable","12":"shipping-taxable","13":"purchasable","14":"product-type-simple"},"yoast_head":"<!-- This site is optimized with the Yoast SEO plugin v25.8 - https:\/\/yoast.com\/wordpress\/plugins\/seo\/ -->\n<title>Comprar estuche vino tinto La Maldita Revolution<\/title>\n<meta name=\"description\" content=\"Compra nuestro vino tinto de Rioja La Maldita Revolution elaborado con uva garnacha.\" \/>\n<meta name=\"robots\" content=\"index, follow, max-snippet:-1, max-image-preview:large, max-video-preview:-1\" \/>\n<link rel=\"canonical\" href=\"https:\/\/lamalditawines.com\/en\/tienda\/estuche-de-3-bot-la-maldita-revolution\/\" \/>\n<meta property=\"og:locale\" content=\"en_US\" \/>\n<meta property=\"og:type\" content=\"article\" \/>\n<meta property=\"og:title\" content=\"Comprar vino tinto La Maldita Revolution\" \/>\n<meta property=\"og:description\" content=\"Compra nuestro vino tinto de Rioja La Maldita Revolution elaborado con uva garnacha.\" \/>\n<meta property=\"og:url\" content=\"https:\/\/lamalditawines.com\/en\/tienda\/estuche-de-3-bot-la-maldita-revolution\/\" \/>\n<meta property=\"og:site_name\" content=\"La Maldita Wines\" \/>\n<meta property=\"article:publisher\" content=\"https:\/\/www.facebook.com\/LaMalditaWines\/\" \/>\n<meta property=\"article:modified_time\" content=\"2025-12-09T08:30:33+00:00\" \/>\n<meta property=\"og:image\" content=\"https:\/\/lamalditawines.com\/wp-content\/uploads\/2023\/03\/vinos-la_maldita-garnacha.tinta-LA_MALDITA.png\" \/>\n\t<meta property=\"og:image:width\" content=\"380\" \/>\n\t<meta property=\"og:image:height\" content=\"1282\" \/>\n\t<meta property=\"og:image:type\" content=\"image\/png\" \/>\n<meta name=\"twitter:card\" content=\"summary_large_image\" \/>\n<meta name=\"twitter:title\" content=\"Comprar vino tinto La Maldita Revolution\" \/>\n<meta name=\"twitter:description\" content=\"Compra nuestro vino tinto de Rioja La Maldita Revolution elaborado con uva garnacha.\" \/>\n<meta name=\"twitter:image\" content=\"https:\/\/lamalditawines.com\/wp-content\/uploads\/2023\/03\/vinos-la_maldita-garnacha.tinta-LA_MALDITA.png\" \/>\n<meta name=\"twitter:site\" content=\"@lamalditawines\" \/>\n<meta name=\"twitter:label1\" content=\"Est. reading time\" \/>\n\t<meta name=\"twitter:data1\" content=\"1 minute\" \/>\n<script type=\"application\/ld+json\" class=\"yoast-schema-graph\">{\"@context\":\"https:\/\/schema.org\",\"@graph\":[{\"@type\":\"WebPage\",\"@id\":\"https:\/\/lamalditawines.com\/en\/tienda\/estuche-de-3-bot-la-maldita-revolution\/\",\"url\":\"https:\/\/lamalditawines.com\/en\/tienda\/estuche-de-3-bot-la-maldita-revolution\/\",\"name\":\"Comprar estuche vino tinto La Maldita Revolution\",\"isPartOf\":{\"@id\":\"https:\/\/lamalditawines.com\/en\/#website\"},\"primaryImageOfPage\":{\"@id\":\"https:\/\/lamalditawines.com\/en\/tienda\/estuche-de-3-bot-la-maldita-revolution\/#primaryimage\"},\"image\":{\"@id\":\"https:\/\/lamalditawines.com\/en\/tienda\/estuche-de-3-bot-la-maldita-revolution\/#primaryimage\"},\"thumbnailUrl\":\"https:\/\/lamalditawines.com\/wp-content\/uploads\/vinos_tienda-pack_de_3-la_maldita-garnacha.revolution-mod-LA_MALDITA_WINES-1.webp\",\"datePublished\":\"2024-04-17T09:40:01+00:00\",\"dateModified\":\"2025-12-09T08:30:33+00:00\",\"description\":\"Compra nuestro vino tinto de Rioja La Maldita Revolution elaborado con uva garnacha.\",\"breadcrumb\":{\"@id\":\"https:\/\/lamalditawines.com\/en\/tienda\/estuche-de-3-bot-la-maldita-revolution\/#breadcrumb\"},\"inLanguage\":\"en-US\",\"potentialAction\":[{\"@type\":\"ReadAction\",\"target\":[\"https:\/\/lamalditawines.com\/en\/tienda\/estuche-de-3-bot-la-maldita-revolution\/\"]}]},{\"@type\":\"ImageObject\",\"inLanguage\":\"en-US\",\"@id\":\"https:\/\/lamalditawines.com\/en\/tienda\/estuche-de-3-bot-la-maldita-revolution\/#primaryimage\",\"url\":\"https:\/\/lamalditawines.com\/wp-content\/uploads\/vinos_tienda-pack_de_3-la_maldita-garnacha.revolution-mod-LA_MALDITA_WINES-1.webp\",\"contentUrl\":\"https:\/\/lamalditawines.com\/wp-content\/uploads\/vinos_tienda-pack_de_3-la_maldita-garnacha.revolution-mod-LA_MALDITA_WINES-1.webp\",\"width\":1060,\"height\":1344},{\"@type\":\"BreadcrumbList\",\"@id\":\"https:\/\/lamalditawines.com\/en\/tienda\/estuche-de-3-bot-la-maldita-revolution\/#breadcrumb\",\"itemListElement\":[{\"@type\":\"ListItem\",\"position\":1,\"name\":\"Portada\",\"item\":\"https:\/\/lamalditawines.com\/en\/\"},{\"@type\":\"ListItem\",\"position\":2,\"name\":\"Shop\",\"item\":\"https:\/\/lamalditawines.com\/en\/shop\/\"},{\"@type\":\"ListItem\",\"position\":3,\"name\":\"Estuche de 3 bot. La Maldita Revolution\"}]},{\"@type\":\"WebSite\",\"@id\":\"https:\/\/lamalditawines.com\/en\/#website\",\"url\":\"https:\/\/lamalditawines.com\/en\/\",\"name\":\"La Maldita Wines\",\"description\":\"VINOS SEXIS, DIVERTIDOS Y \u00daNICOS ELABORADOS CON GARNACHA DE RIOJA\",\"publisher\":{\"@id\":\"https:\/\/lamalditawines.com\/en\/#organization\"},\"alternateName\":\"La Maldita Wines\",\"potentialAction\":[{\"@type\":\"SearchAction\",\"target\":{\"@type\":\"EntryPoint\",\"urlTemplate\":\"https:\/\/lamalditawines.com\/en\/?s={search_term_string}\"},\"query-input\":{\"@type\":\"PropertyValueSpecification\",\"valueRequired\":true,\"valueName\":\"search_term_string\"}}],\"inLanguage\":\"en-US\"},{\"@type\":\"Organization\",\"@id\":\"https:\/\/lamalditawines.com\/en\/#organization\",\"name\":\"La Maldita Wines\",\"url\":\"https:\/\/lamalditawines.com\/en\/\",\"logo\":{\"@type\":\"ImageObject\",\"inLanguage\":\"en-US\",\"@id\":\"https:\/\/lamalditawines.com\/en\/#\/schema\/logo\/image\/\",\"url\":\"https:\/\/lamalditawines.com\/wp-content\/uploads\/2023\/03\/mail-logo-blk@1.LA_MALDITA.png\",\"contentUrl\":\"https:\/\/lamalditawines.com\/wp-content\/uploads\/2023\/03\/mail-logo-blk@1.LA_MALDITA.png\",\"width\":150,\"height\":180,\"caption\":\"La Maldita Wines\"},\"image\":{\"@id\":\"https:\/\/lamalditawines.com\/en\/#\/schema\/logo\/image\/\"},\"sameAs\":[\"https:\/\/www.facebook.com\/LaMalditaWines\/\",\"https:\/\/x.com\/lamalditawines\",\"https:\/\/www.instagram.com\/lamalditawines\/\",\"https:\/\/www.linkedin.com\/company\/la-maldita-wines\/\"]}]}<\/script>\n<!-- \/ Yoast SEO plugin. -->","yoast_head_json":{"title":"Comprar estuche vino tinto La Maldita Revolution","description":"Compra nuestro vino tinto de Rioja La Maldita Revolution elaborado con uva garnacha.","robots":{"index":"index","follow":"follow","max-snippet":"max-snippet:-1","max-image-preview":"max-image-preview:large","max-video-preview":"max-video-preview:-1"},"canonical":"https:\/\/lamalditawines.com\/en\/tienda\/estuche-de-3-bot-la-maldita-revolution\/","og_locale":"en_US","og_type":"article","og_title":"Comprar vino tinto La Maldita Revolution","og_description":"Compra nuestro vino tinto de Rioja La Maldita Revolution elaborado con uva garnacha.","og_url":"https:\/\/lamalditawines.com\/en\/tienda\/estuche-de-3-bot-la-maldita-revolution\/","og_site_name":"La Maldita Wines","article_publisher":"https:\/\/www.facebook.com\/LaMalditaWines\/","article_modified_time":"2025-12-09T08:30:33+00:00","og_image":[{"width":380,"height":1282,"url":"https:\/\/lamalditawines.com\/wp-content\/uploads\/2023\/03\/vinos-la_maldita-garnacha.tinta-LA_MALDITA.png","type":"image\/png"}],"twitter_card":"summary_large_image","twitter_title":"Comprar vino tinto La Maldita Revolution","twitter_description":"Compra nuestro vino tinto de Rioja La Maldita Revolution elaborado con uva garnacha.","twitter_image":"https:\/\/lamalditawines.com\/wp-content\/uploads\/2023\/03\/vinos-la_maldita-garnacha.tinta-LA_MALDITA.png","twitter_site":"@lamalditawines","twitter_misc":{"Est. reading time":"1 minute"},"schema":{"@context":"https:\/\/schema.org","@graph":[{"@type":"WebPage","@id":"https:\/\/lamalditawines.com\/en\/tienda\/estuche-de-3-bot-la-maldita-revolution\/","url":"https:\/\/lamalditawines.com\/en\/tienda\/estuche-de-3-bot-la-maldita-revolution\/","name":"Comprar estuche vino tinto La Maldita Revolution","isPartOf":{"@id":"https:\/\/lamalditawines.com\/en\/#website"},"primaryImageOfPage":{"@id":"https:\/\/lamalditawines.com\/en\/tienda\/estuche-de-3-bot-la-maldita-revolution\/#primaryimage"},"image":{"@id":"https:\/\/lamalditawines.com\/en\/tienda\/estuche-de-3-bot-la-maldita-revolution\/#primaryimage"},"thumbnailUrl":"https:\/\/lamalditawines.com\/wp-content\/uploads\/vinos_tienda-pack_de_3-la_maldita-garnacha.revolution-mod-LA_MALDITA_WINES-1.webp","datePublished":"2024-04-17T09:40:01+00:00","dateModified":"2025-12-09T08:30:33+00:00","description":"Compra nuestro vino tinto de Rioja La Maldita Revolution elaborado con uva garnacha.","breadcrumb":{"@id":"https:\/\/lamalditawines.com\/en\/tienda\/estuche-de-3-bot-la-maldita-revolution\/#breadcrumb"},"inLanguage":"en-US","potentialAction":[{"@type":"ReadAction","target":["https:\/\/lamalditawines.com\/en\/tienda\/estuche-de-3-bot-la-maldita-revolution\/"]}]},{"@type":"ImageObject","inLanguage":"en-US","@id":"https:\/\/lamalditawines.com\/en\/tienda\/estuche-de-3-bot-la-maldita-revolution\/#primaryimage","url":"https:\/\/lamalditawines.com\/wp-content\/uploads\/vinos_tienda-pack_de_3-la_maldita-garnacha.revolution-mod-LA_MALDITA_WINES-1.webp","contentUrl":"https:\/\/lamalditawines.com\/wp-content\/uploads\/vinos_tienda-pack_de_3-la_maldita-garnacha.revolution-mod-LA_MALDITA_WINES-1.webp","width":1060,"height":1344},{"@type":"BreadcrumbList","@id":"https:\/\/lamalditawines.com\/en\/tienda\/estuche-de-3-bot-la-maldita-revolution\/#breadcrumb","itemListElement":[{"@type":"ListItem","position":1,"name":"Portada","item":"https:\/\/lamalditawines.com\/en\/"},{"@type":"ListItem","position":2,"name":"Shop","item":"https:\/\/lamalditawines.com\/en\/shop\/"},{"@type":"ListItem","position":3,"name":"Estuche de 3 bot. La Maldita Revolution"}]},{"@type":"WebSite","@id":"https:\/\/lamalditawines.com\/en\/#website","url":"https:\/\/lamalditawines.com\/en\/","name":"La Maldita Wines","description":"VINOS SEXIS, DIVERTIDOS Y \u00daNICOS ELABORADOS CON GARNACHA DE RIOJA","publisher":{"@id":"https:\/\/lamalditawines.com\/en\/#organization"},"alternateName":"La Maldita Wines","potentialAction":[{"@type":"SearchAction","target":{"@type":"EntryPoint","urlTemplate":"https:\/\/lamalditawines.com\/en\/?s={search_term_string}"},"query-input":{"@type":"PropertyValueSpecification","valueRequired":true,"valueName":"search_term_string"}}],"inLanguage":"en-US"},{"@type":"Organization","@id":"https:\/\/lamalditawines.com\/en\/#organization","name":"La Maldita Wines","url":"https:\/\/lamalditawines.com\/en\/","logo":{"@type":"ImageObject","inLanguage":"en-US","@id":"https:\/\/lamalditawines.com\/en\/#\/schema\/logo\/image\/","url":"https:\/\/lamalditawines.com\/wp-content\/uploads\/2023\/03\/mail-logo-blk@1.LA_MALDITA.png","contentUrl":"https:\/\/lamalditawines.com\/wp-content\/uploads\/2023\/03\/mail-logo-blk@1.LA_MALDITA.png","width":150,"height":180,"caption":"La Maldita Wines"},"image":{"@id":"https:\/\/lamalditawines.com\/en\/#\/schema\/logo\/image\/"},"sameAs":["https:\/\/www.facebook.com\/LaMalditaWines\/","https:\/\/x.com\/lamalditawines","https:\/\/www.instagram.com\/lamalditawines\/","https:\/\/www.linkedin.com\/company\/la-maldita-wines\/"]}]}},"_links":{"self":[{"href":"https:\/\/lamalditawines.com\/en\/wp-json\/wp\/v2\/product\/1648","targetHints":{"allow":["GET"]}}],"collection":[{"href":"https:\/\/lamalditawines.com\/en\/wp-json\/wp\/v2\/product"}],"about":[{"href":"https:\/\/lamalditawines.com\/en\/wp-json\/wp\/v2\/types\/product"}],"replies":[{"embeddable":true,"href":"https:\/\/lamalditawines.com\/en\/wp-json\/wp\/v2\/comments?post=1648"}],"wp:featuredmedia":[{"embeddable":true,"href":"https:\/\/lamalditawines.com\/en\/wp-json\/wp\/v2\/media\/1450"}],"wp:attachment":[{"href":"https:\/\/lamalditawines.com\/en\/wp-json\/wp\/v2\/media?parent=1648"}],"wp:term":[{"taxonomy":"product_brand","embeddable":true,"href":"https:\/\/lamalditawines.com\/en\/wp-json\/wp\/v2\/product_brand?post=1648"},{"taxonomy":"product_cat","embeddable":true,"href":"https:\/\/lamalditawines.com\/en\/wp-json\/wp\/v2\/product_cat?post=1648"},{"taxonomy":"product_tag","embeddable":true,"href":"https:\/\/lamalditawines.com\/en\/wp-json\/wp\/v2\/product_tag?post=1648"}],"curies":[{"name":"wp","href":"https:\/\/api.w.org\/{rel}","templated":true}]}}